{"id":1455,"date":"2025-07-24T10:04:41","date_gmt":"2025-07-24T10:04:41","guid":{"rendered":"https:\/\/tusegurodeconfianza.s54.somospecesvoladores.com\/?page_id=1455"},"modified":"2025-07-24T10:11:39","modified_gmt":"2025-07-24T10:11:39","slug":"declaracion-de-accesibilidad","status":"publish","type":"page","link":"https:\/\/tusegurodeconfianza.s54.somospecesvoladores.com\/?page_id=1455","title":{"rendered":"Declaraci\u00f3n de Accesibilidad"},"content":{"rendered":"\t\t<div data-elementor-type=\"wp-page\" data-elementor-id=\"1455\" class=\"elementor elementor-1455\" data-elementor-post-type=\"page\">\n\t\t\t\t<div class=\"elementor-element elementor-element-4a8c1ea4 e-flex e-con-boxed e-con e-parent\" data-id=\"4a8c1ea4\" data-element_type=\"container\">\n\t\t\t\t\t<div class=\"e-con-inner\">\n\t\t\t\t<div class=\"elementor-element elementor-element-6da807c0 elementor-widget elementor-widget-text-editor\" data-id=\"6da807c0\" data-element_type=\"widget\" data-widget_type=\"text-editor.default\">\n\t\t\t\t<div class=\"elementor-widget-container\">\n\t\t\t\t\t\t\t\t\t<p>Declaraci\u00f3n de accesibilidad de <a href=\"https:\/\/tusegurodeconfianza.com\/\">https:\/\/tusegurodeconfianza.com\/<\/a><\/p>\n<p>Tu Seguro de Confianza se compromete a garantizar la accesibilidad digital de las personas con discapacidad. Mejoramos continuamente la experiencia de usuario para todos y aplicamos las normas de accesibilidad pertinentes.<\/p>\n<p><strong>Estado de conformidad<\/strong><br \/>Las Pautas de Accesibilidad al Contenido en la Web (WCAG) definen los requisitos que deben cumplir los dise\u00f1adores y desarrolladores para mejorar la accesibilidad de las personas con discapacidad. Define tres niveles de conformidad: Nivel A, Nivel AA y Nivel AAA.<br \/>Tu Seguro de Confianza se esfuerza constantemente por mejorar la accesibilidad de su sitio web y sus servicios con la convicci\u00f3n de que es nuestra obligaci\u00f3n moral colectiva permitir un uso fluido, accesible y sin trabas a las personas con discapacidad.<br \/>Nuestro objetivo es que todas las p\u00e1ginas y contenidos de <a href=\"https:\/\/tusegurodeconfianza.com\/\">https:\/\/tusegurodeconfianza.com\/<\/a> sean accesibles, pero es posible que algunos contenidos a\u00fan no cumplan plenamente las normas de accesibilidad m\u00e1s estrictas. Esto puede deberse a dificultades a la hora de identificar la soluci\u00f3n tecnol\u00f3gica m\u00e1s adecuada.<br \/>Podemos revisar esta Declaraci\u00f3n peri\u00f3dicamente para reflejar mejoras o cambios en nuestras pr\u00e1cticas de accesibilidad.<\/p>\n<p><strong>Sugerencias<\/strong><br \/>Agradecemos sus comentarios sobre la accesibilidad del sitio web de Tu Seguro de Confianza. Por favor, h\u00e1ganos saber si encuentra barreras de accesibilidad en nuestro sitio web:<br \/>Correo electr\u00f3nico: <a href=\"mailto:%20vicentereb@agente.segurcaixaadeslas.es\"><span class=\"elementor-icon-list-text\">vicentereb@agente.segurcaixaadeslas.es<\/span><\/a><br \/>Intentamos responder a sus comentarios en un plazo de 3 a 5 d\u00edas laborables.<br \/>Esta declaraci\u00f3n fue creada el 24\/7\/2025<\/p>\t\t\t\t\t\t\t\t<\/div>\n\t\t\t\t<\/div>\n\t\t\t\t\t<\/div>\n\t\t\t\t<\/div>\n\t\t\t\t<\/div>\n\t\t","protected":false},"excerpt":{"rendered":"<p>Declaraci\u00f3n de accesibilidad de https:\/\/tusegurodeconfianza.com\/ Tu Seguro de Confianza se compromete a garantizar la accesibilidad digital de las personas con discapacidad. Mejoramos continuamente la experiencia de usuario para todos y aplicamos las normas de accesibilidad pertinentes. Estado de conformidadLas Pautas de Accesibilidad al Contenido en la Web (WCAG) definen los requisitos que deben cumplir los [&hellip;]<\/p>\n","protected":false},"author":1,"featured_media":0,"parent":0,"menu_order":0,"comment_status":"closed","ping_status":"closed","template":"","meta":{"_joinchat":[],"footnotes":""},"class_list":["post-1455","page","type-page","status-publish","hentry"],"yoast_head":"<!-- This site is optimized with the Yoast SEO plugin v25.4 - https:\/\/yoast.com\/wordpress\/plugins\/seo\/ -->\n<title>Declaraci\u00f3n de Accesibilidad - Tu Seguro de Confianza<\/title>\n<meta name=\"robots\" content=\"noindex, nofollow\" \/>\n<meta property=\"og:locale\" content=\"es_ES\" \/>\n<meta property=\"og:type\" content=\"article\" \/>\n<meta property=\"og:title\" content=\"Declaraci\u00f3n de Accesibilidad - Tu Seguro de Confianza\" \/>\n<meta property=\"og:description\" content=\"Declaraci\u00f3n de accesibilidad de https:\/\/tusegurodeconfianza.com\/ Tu Seguro de Confianza se compromete a garantizar la accesibilidad digital de las personas con discapacidad. Mejoramos continuamente la experiencia de usuario para todos y aplicamos las normas de accesibilidad pertinentes. Estado de conformidadLas Pautas de Accesibilidad al Contenido en la Web (WCAG) definen los requisitos que deben cumplir los [&hellip;]\" \/>\n<meta property=\"og:url\" content=\"https:\/\/tusegurodeconfianza.s54.somospecesvoladores.com\/?page_id=1455\" \/>\n<meta property=\"og:site_name\" content=\"Tu Seguro de Confianza\" \/>\n<meta property=\"article:modified_time\" content=\"2025-07-24T10:11:39+00:00\" \/>\n<meta name=\"twitter:card\" content=\"summary_large_image\" \/>\n<meta name=\"twitter:label1\" content=\"Tiempo de lectura\" \/>\n\t<meta name=\"twitter:data1\" content=\"2 minutos\" \/>\n<script type=\"application\/ld+json\" class=\"yoast-schema-graph\">{\"@context\":\"https:\/\/schema.org\",\"@graph\":[{\"@type\":\"WebPage\",\"@id\":\"https:\/\/tusegurodeconfianza.s54.somospecesvoladores.com\/?page_id=1455\",\"url\":\"https:\/\/tusegurodeconfianza.s54.somospecesvoladores.com\/?page_id=1455\",\"name\":\"Declaraci\u00f3n de Accesibilidad - Tu Seguro de Confianza\",\"isPartOf\":{\"@id\":\"https:\/\/tusegurodeconfianza.s54.somospecesvoladores.com\/#website\"},\"datePublished\":\"2025-07-24T10:04:41+00:00\",\"dateModified\":\"2025-07-24T10:11:39+00:00\",\"breadcrumb\":{\"@id\":\"https:\/\/tusegurodeconfianza.s54.somospecesvoladores.com\/?page_id=1455#breadcrumb\"},\"inLanguage\":\"es\",\"potentialAction\":[{\"@type\":\"ReadAction\",\"target\":[\"https:\/\/tusegurodeconfianza.s54.somospecesvoladores.com\/?page_id=1455\"]}]},{\"@type\":\"BreadcrumbList\",\"@id\":\"https:\/\/tusegurodeconfianza.s54.somospecesvoladores.com\/?page_id=1455#breadcrumb\",\"itemListElement\":[{\"@type\":\"ListItem\",\"position\":1,\"name\":\"Portada\",\"item\":\"https:\/\/tusegurodeconfianza.s54.somospecesvoladores.com\/\"},{\"@type\":\"ListItem\",\"position\":2,\"name\":\"Declaraci\u00f3n de Accesibilidad\"}]},{\"@type\":\"WebSite\",\"@id\":\"https:\/\/tusegurodeconfianza.s54.somospecesvoladores.com\/#website\",\"url\":\"https:\/\/tusegurodeconfianza.s54.somospecesvoladores.com\/\",\"name\":\"Tu Seguro de Confianza\",\"description\":\"\",\"potentialAction\":[{\"@type\":\"SearchAction\",\"target\":{\"@type\":\"EntryPoint\",\"urlTemplate\":\"https:\/\/tusegurodeconfianza.s54.somospecesvoladores.com\/?s={search_term_string}\"},\"query-input\":{\"@type\":\"PropertyValueSpecification\",\"valueRequired\":true,\"valueName\":\"search_term_string\"}}],\"inLanguage\":\"es\"}]}<\/script>\n<!-- \/ Yoast SEO plugin. -->","yoast_head_json":{"title":"Declaraci\u00f3n de Accesibilidad - Tu Seguro de Confianza","robots":{"index":"noindex","follow":"nofollow"},"og_locale":"es_ES","og_type":"article","og_title":"Declaraci\u00f3n de Accesibilidad - Tu Seguro de Confianza","og_description":"Declaraci\u00f3n de accesibilidad de https:\/\/tusegurodeconfianza.com\/ Tu Seguro de Confianza se compromete a garantizar la accesibilidad digital de las personas con discapacidad. Mejoramos continuamente la experiencia de usuario para todos y aplicamos las normas de accesibilidad pertinentes. Estado de conformidadLas Pautas de Accesibilidad al Contenido en la Web (WCAG) definen los requisitos que deben cumplir los [&hellip;]","og_url":"https:\/\/tusegurodeconfianza.s54.somospecesvoladores.com\/?page_id=1455","og_site_name":"Tu Seguro de Confianza","article_modified_time":"2025-07-24T10:11:39+00:00","twitter_card":"summary_large_image","twitter_misc":{"Tiempo de lectura":"2 minutos"},"schema":{"@context":"https:\/\/schema.org","@graph":[{"@type":"WebPage","@id":"https:\/\/tusegurodeconfianza.s54.somospecesvoladores.com\/?page_id=1455","url":"https:\/\/tusegurodeconfianza.s54.somospecesvoladores.com\/?page_id=1455","name":"Declaraci\u00f3n de Accesibilidad - Tu Seguro de Confianza","isPartOf":{"@id":"https:\/\/tusegurodeconfianza.s54.somospecesvoladores.com\/#website"},"datePublished":"2025-07-24T10:04:41+00:00","dateModified":"2025-07-24T10:11:39+00:00","breadcrumb":{"@id":"https:\/\/tusegurodeconfianza.s54.somospecesvoladores.com\/?page_id=1455#breadcrumb"},"inLanguage":"es","potentialAction":[{"@type":"ReadAction","target":["https:\/\/tusegurodeconfianza.s54.somospecesvoladores.com\/?page_id=1455"]}]},{"@type":"BreadcrumbList","@id":"https:\/\/tusegurodeconfianza.s54.somospecesvoladores.com\/?page_id=1455#breadcrumb","itemListElement":[{"@type":"ListItem","position":1,"name":"Portada","item":"https:\/\/tusegurodeconfianza.s54.somospecesvoladores.com\/"},{"@type":"ListItem","position":2,"name":"Declaraci\u00f3n de Accesibilidad"}]},{"@type":"WebSite","@id":"https:\/\/tusegurodeconfianza.s54.somospecesvoladores.com\/#website","url":"https:\/\/tusegurodeconfianza.s54.somospecesvoladores.com\/","name":"Tu Seguro de Confianza","description":"","potentialAction":[{"@type":"SearchAction","target":{"@type":"EntryPoint","urlTemplate":"https:\/\/tusegurodeconfianza.s54.somospecesvoladores.com\/?s={search_term_string}"},"query-input":{"@type":"PropertyValueSpecification","valueRequired":true,"valueName":"search_term_string"}}],"inLanguage":"es"}]}},"_links":{"self":[{"href":"https:\/\/tusegurodeconfianza.s54.somospecesvoladores.com\/index.php?rest_route=\/wp\/v2\/pages\/1455","targetHints":{"allow":["GET"]}}],"collection":[{"href":"https:\/\/tusegurodeconfianza.s54.somospecesvoladores.com\/index.php?rest_route=\/wp\/v2\/pages"}],"about":[{"href":"https:\/\/tusegurodeconfianza.s54.somospecesvoladores.com\/index.php?rest_route=\/wp\/v2\/types\/page"}],"author":[{"embeddable":true,"href":"https:\/\/tusegurodeconfianza.s54.somospecesvoladores.com\/index.php?rest_route=\/wp\/v2\/users\/1"}],"replies":[{"embeddable":true,"href":"https:\/\/tusegurodeconfianza.s54.somospecesvoladores.com\/index.php?rest_route=%2Fwp%2Fv2%2Fcomments&post=1455"}],"version-history":[{"count":0,"href":"https:\/\/tusegurodeconfianza.s54.somospecesvoladores.com\/index.php?rest_route=\/wp\/v2\/pages\/1455\/revisions"}],"wp:attachment":[{"href":"https:\/\/tusegurodeconfianza.s54.somospecesvoladores.com\/index.php?rest_route=%2Fwp%2Fv2%2Fmedia&parent=1455"}],"curies":[{"name":"wp","href":"https:\/\/api.w.org\/{rel}","templated":true}]}}