{"id":36,"date":"2025-06-23T09:51:01","date_gmt":"2025-06-23T09:51:01","guid":{"rendered":"https:\/\/tusegurodeconfianza.s54.somospecesvoladores.com\/?page_id=36"},"modified":"2025-09-01T10:37:12","modified_gmt":"2025-09-01T10:37:12","slug":"contacto","status":"publish","type":"page","link":"https:\/\/tusegurodeconfianza.s54.somospecesvoladores.com\/?page_id=36","title":{"rendered":"Contacto"},"content":{"rendered":"\t\t<div data-elementor-type=\"wp-page\" data-elementor-id=\"36\" class=\"elementor elementor-36\" data-elementor-post-type=\"page\">\n\t\t\t\t<div class=\"elementor-element elementor-element-f0c8d2a e-flex e-con-boxed e-con e-parent\" data-id=\"f0c8d2a\" data-element_type=\"container\" data-settings=\"{&quot;background_background&quot;:&quot;classic&quot;}\">\n\t\t\t\t\t<div class=\"e-con-inner\">\n\t\t<div class=\"elementor-element elementor-element-c1761d1 e-con-full e-flex e-con e-child\" data-id=\"c1761d1\" data-element_type=\"container\">\n\t\t\t\t<div class=\"elementor-element elementor-element-45f64ce elementor-widget elementor-widget-heading\" data-id=\"45f64ce\" data-element_type=\"widget\" data-widget_type=\"heading.default\">\n\t\t\t\t<div class=\"elementor-widget-container\">\n\t\t\t\t\t<h1 class=\"elementor-heading-title elementor-size-default\">Cu\u00e9ntanos en qu\u00e9 podemos ayudarte<\/h1>\t\t\t\t<\/div>\n\t\t\t\t<\/div>\n\t\t\t\t<div class=\"elementor-element elementor-element-8e83881 elementor-widget elementor-widget-heading\" data-id=\"8e83881\" data-element_type=\"widget\" data-widget_type=\"heading.default\">\n\t\t\t\t<div class=\"elementor-widget-container\">\n\t\t\t\t\t<p class=\"elementor-heading-title elementor-size-default\">D\u00e9janos tus datos y uno de nuestros asesores se pondr\u00e1 en contacto contigo para ofrecerte una cotizaci\u00f3n personalizada, sin compromiso.\nR\u00e1pido, f\u00e1cil y confiable.\nPorque tu tranquilidad es nuestra prioridad.<\/p>\t\t\t\t<\/div>\n\t\t\t\t<\/div>\n\t\t\t\t<div class=\"elementor-element elementor-element-1b00826 elementor-icon-list--layout-traditional elementor-list-item-link-full_width elementor-widget elementor-widget-icon-list\" data-id=\"1b00826\" data-element_type=\"widget\" data-widget_type=\"icon-list.default\">\n\t\t\t\t<div class=\"elementor-widget-container\">\n\t\t\t\t\t\t\t<ul class=\"elementor-icon-list-items\">\n\t\t\t\t\t\t\t<li class=\"elementor-icon-list-item\">\n\t\t\t\t\t\t\t\t\t\t\t<a href=\"mailto:%20vicentereb@agente.segurcaixaadeslas.es\">\n\n\t\t\t\t\t\t\t\t\t\t\t\t<span class=\"elementor-icon-list-icon\">\n\t\t\t\t\t\t\t<svg aria-hidden=\"true\" class=\"e-font-icon-svg e-far-envelope\" viewBox=\"0 0 512 512\" xmlns=\"http:\/\/www.w3.org\/2000\/svg\"><path d=\"M464 64H48C21.49 64 0 85.49 0 112v288c0 26.51 21.49 48 48 48h416c26.51 0 48-21.49 48-48V112c0-26.51-21.49-48-48-48zm0 48v40.805c-22.422 18.259-58.168 46.651-134.587 106.49-16.841 13.247-50.201 45.072-73.413 44.701-23.208.375-56.579-31.459-73.413-44.701C106.18 199.465 70.425 171.067 48 152.805V112h416zM48 400V214.398c22.914 18.251 55.409 43.862 104.938 82.646 21.857 17.205 60.134 55.186 103.062 54.955 42.717.231 80.509-37.199 103.053-54.947 49.528-38.783 82.032-64.401 104.947-82.653V400H48z\"><\/path><\/svg>\t\t\t\t\t\t<\/span>\n\t\t\t\t\t\t\t\t\t\t<span class=\"elementor-icon-list-text\">vicentereb@agente.segurcaixaadeslas.es<\/span>\n\t\t\t\t\t\t\t\t\t\t\t<\/a>\n\t\t\t\t\t\t\t\t\t<\/li>\n\t\t\t\t\t\t\t\t<li class=\"elementor-icon-list-item\">\n\t\t\t\t\t\t\t\t\t\t\t<a href=\"tel:%20678%2091%2047%2031\">\n\n\t\t\t\t\t\t\t\t\t\t\t\t<span class=\"elementor-icon-list-icon\">\n\t\t\t\t\t\t\t<svg aria-hidden=\"true\" class=\"e-font-icon-svg e-fas-mobile-alt\" viewBox=\"0 0 320 512\" xmlns=\"http:\/\/www.w3.org\/2000\/svg\"><path d=\"M272 0H48C21.5 0 0 21.5 0 48v416c0 26.5 21.5 48 48 48h224c26.5 0 48-21.5 48-48V48c0-26.5-21.5-48-48-48zM160 480c-17.7 0-32-14.3-32-32s14.3-32 32-32 32 14.3 32 32-14.3 32-32 32zm112-108c0 6.6-5.4 12-12 12H60c-6.6 0-12-5.4-12-12V60c0-6.6 5.4-12 12-12h200c6.6 0 12 5.4 12 12v312z\"><\/path><\/svg>\t\t\t\t\t\t<\/span>\n\t\t\t\t\t\t\t\t\t\t<span class=\"elementor-icon-list-text\">678 91 47 31<\/span>\n\t\t\t\t\t\t\t\t\t\t\t<\/a>\n\t\t\t\t\t\t\t\t\t<\/li>\n\t\t\t\t\t\t<\/ul>\n\t\t\t\t\t\t<\/div>\n\t\t\t\t<\/div>\n\t\t\t\t<\/div>\n\t\t<div class=\"elementor-element elementor-element-4759c91 e-con-full e-flex e-con e-child\" data-id=\"4759c91\" data-element_type=\"container\" data-settings=\"{&quot;background_background&quot;:&quot;classic&quot;}\">\n\t\t\t\t<div class=\"elementor-element elementor-element-af41a1e elementor-button-align-stretch elementor-widget elementor-widget-form\" data-id=\"af41a1e\" data-element_type=\"widget\" data-settings=\"{&quot;step_next_label&quot;:&quot;Next&quot;,&quot;step_previous_label&quot;:&quot;Previous&quot;,&quot;button_width&quot;:&quot;100&quot;,&quot;step_type&quot;:&quot;number_text&quot;,&quot;step_icon_shape&quot;:&quot;circle&quot;}\" data-widget_type=\"form.default\">\n\t\t\t\t<div class=\"elementor-widget-container\">\n\t\t\t\t\t\t\t<form class=\"elementor-form\" method=\"post\" name=\"Formulario Contacto\" aria-label=\"Formulario Contacto\">\n\t\t\t<input type=\"hidden\" name=\"post_id\" value=\"36\"\/>\n\t\t\t<input type=\"hidden\" name=\"form_id\" value=\"af41a1e\"\/>\n\t\t\t<input type=\"hidden\" name=\"referer_title\" value=\"Contacto - Tu Seguro de Confianza\" \/>\n\n\t\t\t\t\t\t\t<input type=\"hidden\" name=\"queried_id\" value=\"36\"\/>\n\t\t\t\n\t\t\t<div class=\"elementor-form-fields-wrapper elementor-labels-above\">\n\t\t\t\t\t\t\t\t<div class=\"elementor-field-type-text elementor-field-group elementor-column elementor-field-group-name elementor-col-50 elementor-field-required\">\n\t\t\t\t\t\t\t\t\t\t\t\t<label for=\"form-field-name\" class=\"elementor-field-label\">\n\t\t\t\t\t\t\t\tNombre y apellidos\t\t\t\t\t\t\t<\/label>\n\t\t\t\t\t\t\t\t\t\t\t\t\t\t<input size=\"1\" type=\"text\" name=\"form_fields[name]\" id=\"form-field-name\" class=\"elementor-field elementor-size-sm  elementor-field-textual\" required=\"required\">\n\t\t\t\t\t\t\t\t\t\t\t<\/div>\n\t\t\t\t\t\t\t\t<div class=\"elementor-field-type-email elementor-field-group elementor-column elementor-field-group-email elementor-col-50 elementor-field-required\">\n\t\t\t\t\t\t\t\t\t\t\t\t<label for=\"form-field-email\" class=\"elementor-field-label\">\n\t\t\t\t\t\t\t\tCorreo Electr\u00f3nico\t\t\t\t\t\t\t<\/label>\n\t\t\t\t\t\t\t\t\t\t\t\t\t\t<input size=\"1\" type=\"email\" name=\"form_fields[email]\" id=\"form-field-email\" class=\"elementor-field elementor-size-sm  elementor-field-textual\" required=\"required\">\n\t\t\t\t\t\t\t\t\t\t\t<\/div>\n\t\t\t\t\t\t\t\t<div class=\"elementor-field-type-tel elementor-field-group elementor-column elementor-field-group-field_1358ff8 elementor-col-50\">\n\t\t\t\t\t\t\t\t\t\t\t\t<label for=\"form-field-field_1358ff8\" class=\"elementor-field-label\">\n\t\t\t\t\t\t\t\tTel\u00e9fono\t\t\t\t\t\t\t<\/label>\n\t\t\t\t\t\t\t\t<input size=\"1\" type=\"tel\" name=\"form_fields[field_1358ff8]\" id=\"form-field-field_1358ff8\" class=\"elementor-field elementor-size-sm  elementor-field-textual\" pattern=\"[0-9()#&amp;+*-=.]+\" title=\"Only numbers and phone characters (#, -, *, etc) are accepted.\">\n\n\t\t\t\t\t\t<\/div>\n\t\t\t\t\t\t\t\t<div class=\"elementor-field-type-select elementor-field-group elementor-column elementor-field-group-field_6bd5517 elementor-col-50 elementor-field-required\">\n\t\t\t\t\t\t\t\t\t\t\t\t<label for=\"form-field-field_6bd5517\" class=\"elementor-field-label\">\n\t\t\t\t\t\t\t\tElige el tipo de seguro\t\t\t\t\t\t\t<\/label>\n\t\t\t\t\t\t\t\t<div class=\"elementor-field elementor-select-wrapper remove-before \">\n\t\t\t<div class=\"select-caret-down-wrapper\">\n\t\t\t\t<svg aria-hidden=\"true\" class=\"e-font-icon-svg e-eicon-caret-down\" viewBox=\"0 0 571.4 571.4\" xmlns=\"http:\/\/www.w3.org\/2000\/svg\"><path d=\"M571 393Q571 407 561 418L311 668Q300 679 286 679T261 668L11 418Q0 407 0 393T11 368 36 357H536Q550 357 561 368T571 393Z\"><\/path><\/svg>\t\t\t<\/div>\n\t\t\t<select name=\"form_fields[field_6bd5517]\" id=\"form-field-field_6bd5517\" class=\"elementor-field-textual elementor-size-sm\" required=\"required\">\n\t\t\t\t\t\t\t\t\t<option value=\"Salud\">Salud<\/option>\n\t\t\t\t\t\t\t\t\t<option value=\"Dental \">Dental <\/option>\n\t\t\t\t\t\t\t\t\t<option value=\"Mascotas\">Mascotas<\/option>\n\t\t\t\t\t\t\t\t\t<option value=\"Hogar\">Hogar<\/option>\n\t\t\t\t\t\t\t\t\t<option value=\"Viaje\">Viaje<\/option>\n\t\t\t\t\t\t\t\t\t<option value=\"Negocio\">Negocio<\/option>\n\t\t\t\t\t\t\t\t\t<option value=\"Coche\">Coche<\/option>\n\t\t\t\t\t\t\t\t\t<option value=\"Accidente\">Accidente<\/option>\n\t\t\t\t\t\t\t\t\t<option value=\"Otro\">Otro<\/option>\n\t\t\t\t\t\t\t<\/select>\n\t\t<\/div>\n\t\t\t\t\t\t<\/div>\n\t\t\t\t\t\t\t\t<div class=\"elementor-field-type-textarea elementor-field-group elementor-column elementor-field-group-message elementor-col-100\">\n\t\t\t\t\t\t\t\t\t\t\t\t<label for=\"form-field-message\" class=\"elementor-field-label\">\n\t\t\t\t\t\t\t\tMensaje\t\t\t\t\t\t\t<\/label>\n\t\t\t\t\t\t<textarea class=\"elementor-field-textual elementor-field  elementor-size-sm\" name=\"form_fields[message]\" id=\"form-field-message\" rows=\"4\" placeholder=\"Cu\u00e9ntanos en qu\u00e9 podemos ayudarte\"><\/textarea>\t\t\t\t<\/div>\n\t\t\t\t\t\t\t\t<div class=\"elementor-field-type-acceptance elementor-field-group elementor-column elementor-field-group-field_c4c9dea elementor-col-100 elementor-field-required\">\n\t\t\t\t\t\t\t<div class=\"elementor-field-subgroup\">\n\t\t\t<span class=\"elementor-field-option\">\n\t\t\t\t<input type=\"checkbox\" name=\"form_fields[field_c4c9dea]\" id=\"form-field-field_c4c9dea\" class=\"elementor-field elementor-size-sm  elementor-acceptance-field\" required=\"required\">\n\t\t\t\t<label for=\"form-field-field_c4c9dea\">He le\u00eddo y acepto la  <a href=\"https:\/\/tusegurodeconfianza.s54.somospecesvoladores.com\/?page_id=3\">Pol\u00edtica de Protecci\u00f3n de Datos <\/a><\/label>\t\t\t<\/span>\n\t\t<\/div>\n\t\t\t\t\t\t<\/div>\n\t\t\t\t\t\t\t\t<div class=\"elementor-field-type-acceptance elementor-field-group elementor-column elementor-field-group-field_6659d81 elementor-col-100\">\n\t\t\t\t\t\t\t<div class=\"elementor-field-subgroup\">\n\t\t\t<span class=\"elementor-field-option\">\n\t\t\t\t<input type=\"checkbox\" name=\"form_fields[field_6659d81]\" id=\"form-field-field_6659d81\" class=\"elementor-field elementor-size-sm  elementor-acceptance-field\">\n\t\t\t\t<label for=\"form-field-field_6659d81\">Acepto recibir informaci\u00f3n comercial sobre las ofertas y promociones de REBECA VICENTE SANTESTEBAN relacionadas con su sector.\n<\/label>\t\t\t<\/span>\n\t\t<\/div>\n\t\t\t\t\t\t<\/div>\n\t\t\t\t\t\t\t\t<div class=\"elementor-field-type-html elementor-field-group elementor-column elementor-field-group-field_fe9195c elementor-col-100\">\n\t\t\t\t\t<div style=\"height: 100px; overflow: auto;\">\n  <p>Responsable del tratamiento: REBECA VICENTE SANTESTEBAN | 72672664R |  PASEO DE LAS DELICIAS, 77, PISO 1\u00ba, PUERTA 5. CP 28045. MADRID   | VICENTEREB@AGENTE.SEGUROCAIXAADESLAS.ES\nFinalidades: contestaci\u00f3n a las consultas y peticiones del interesado que haya realizado a trav\u00e9s de los canales disponibles para ello. Previa informaci\u00f3n y su consentimiento expreso, se podr\u00e1 enviar informaci\u00f3n comercial relacionada con nuestro sector.\nLegitimaci\u00f3n: contestaci\u00f3n a sus consultas, el tratamiento se basa en la ejecuci\u00f3n precontractual (art\u00edculo 6.1.b RGPD). El env\u00edo de informaci\u00f3n comercial en el consentimiento expreso (art\u00edculos 6.1.a RGPD y art\u00edculo 21.2. LSSICE).\nConservaci\u00f3n de los datos: sus datos se conservar\u00e1n el tiempo estrictamente necesario y conforme a los plazos que puede consultar en la pol\u00edtica de privacidad del modo indicado en el apartado \u201cinformaci\u00f3n adicional\u201d.\nDestinatarios: sus datos no ser\u00e1n cedidos a terceros, salvo obligaci\u00f3n legal y aquellas comunicaciones o acceso a sus datos que pudieran tener terceros colaboradores o subcontratados que tendr\u00e1n la condici\u00f3n de encargados del tratamiento para las exclusivas finalidades aqu\u00ed descritas. Consulte el apartado \u201cInformaci\u00f3n adicional\u201d.\nDerechos: puede ejercer los derechos de acceso, rectificaci\u00f3n, supresi\u00f3n, portabilidad, limitaci\u00f3n del tratamiento y oposici\u00f3n escribiendo un correo electr\u00f3nico o en nuestras oficinas a trav\u00e9s de los datos de contacto indicados. Si considera que sus derechos han sido vulnerados, puede reclamar ante la AEPD (www.aepd.es).\nInformaci\u00f3n adicional: puede consultar la informaci\u00f3n adicional y detallada sobre protecci\u00f3n de Datos solicit\u00e1ndola al correo electr\u00f3nico indicado, en nuestra oficina o en el apartado \u201cpol\u00edtica de privacidad\u201d de nuestra p\u00e1gina web, cuyos datos puede encontrar en el primer apartado: \u201cResponsable del Tratamiento\u201d.\n<\/p>\n<\/div>\t\t\t\t<\/div>\n\t\t\t\t\t\t\t\t<div class=\"elementor-field-group elementor-column elementor-field-type-submit elementor-col-100 e-form__buttons\">\n\t\t\t\t\t<button class=\"elementor-button elementor-size-sm elementor-animation-shrink\" type=\"submit\">\n\t\t\t\t\t\t<span class=\"elementor-button-content-wrapper\">\n\t\t\t\t\t\t\t\t\t\t\t\t\t\t\t\t\t\t\t\t\t\t<span class=\"elementor-button-text\">Enviar<\/span>\n\t\t\t\t\t\t\t\t\t\t\t\t\t<\/span>\n\t\t\t\t\t<\/button>\n\t\t\t\t<\/div>\n\t\t\t<\/div>\n\t\t<\/form>\n\t\t\t\t\t\t<\/div>\n\t\t\t\t<\/div>\n\t\t\t\t<\/div>\n\t\t\t\t\t<\/div>\n\t\t\t\t<\/div>\n\t\t\t\t<\/div>\n\t\t","protected":false},"excerpt":{"rendered":"<p>Cu\u00e9ntanos en qu\u00e9 podemos ayudarte D\u00e9janos tus datos y uno de nuestros asesores se pondr\u00e1 en contacto contigo para ofrecerte una cotizaci\u00f3n personalizada, sin compromiso. R\u00e1pido, f\u00e1cil y confiable. Porque tu tranquilidad es nuestra prioridad. vicentereb@agente.segurcaixaadeslas.es 678 91 47 31<\/p>\n","protected":false},"author":1,"featured_media":677,"parent":0,"menu_order":0,"comment_status":"closed","ping_status":"closed","template":"elementor_header_footer","meta":{"_joinchat":[],"footnotes":""},"class_list":["post-36","page","type-page","status-publish","has-post-thumbnail","hentry"],"yoast_head":"<!-- This site is optimized with the Yoast SEO plugin v25.4 - https:\/\/yoast.com\/wordpress\/plugins\/seo\/ -->\n<title>Contacto - Tu Seguro de Confianza<\/title>\n<meta name=\"description\" content=\"D\u00e9janos tus datos de contacto y uno de nuestros asesores se pondr\u00e1 en contacto contigo para ofrecerte una cotizaci\u00f3n personalizada.\" \/>\n<meta name=\"robots\" content=\"index, follow, max-snippet:-1, max-image-preview:large, max-video-preview:-1\" \/>\n<link rel=\"canonical\" href=\"https:\/\/tusegurodeconfianza.s54.somospecesvoladores.com\/?page_id=36\" \/>\n<meta property=\"og:locale\" content=\"es_ES\" \/>\n<meta property=\"og:type\" content=\"article\" \/>\n<meta property=\"og:title\" content=\"Contacto - Tu Seguro de Confianza\" \/>\n<meta property=\"og:description\" content=\"D\u00e9janos tus datos de contacto y uno de nuestros asesores se pondr\u00e1 en contacto contigo para ofrecerte una cotizaci\u00f3n personalizada.\" \/>\n<meta property=\"og:url\" content=\"https:\/\/tusegurodeconfianza.s54.somospecesvoladores.com\/?page_id=36\" \/>\n<meta property=\"og:site_name\" content=\"Tu Seguro de Confianza\" \/>\n<meta property=\"article:modified_time\" content=\"2025-09-01T10:37:12+00:00\" \/>\n<meta property=\"og:image\" content=\"https:\/\/tusegurodeconfianza.s54.somospecesvoladores.com\/wp-content\/uploads\/2025\/07\/pexels-olly-789822-scaled.jpg\" \/>\n\t<meta property=\"og:image:width\" content=\"2560\" \/>\n\t<meta property=\"og:image:height\" content=\"1707\" \/>\n\t<meta property=\"og:image:type\" content=\"image\/jpeg\" \/>\n<meta name=\"twitter:card\" content=\"summary_large_image\" \/>\n<meta name=\"twitter:label1\" content=\"Tiempo de lectura\" \/>\n\t<meta name=\"twitter:data1\" content=\"2 minutos\" \/>\n<script type=\"application\/ld+json\" class=\"yoast-schema-graph\">{\"@context\":\"https:\/\/schema.org\",\"@graph\":[{\"@type\":\"WebPage\",\"@id\":\"https:\/\/tusegurodeconfianza.s54.somospecesvoladores.com\/?page_id=36\",\"url\":\"https:\/\/tusegurodeconfianza.s54.somospecesvoladores.com\/?page_id=36\",\"name\":\"Contacto - Tu Seguro de Confianza\",\"isPartOf\":{\"@id\":\"https:\/\/tusegurodeconfianza.s54.somospecesvoladores.com\/#website\"},\"primaryImageOfPage\":{\"@id\":\"https:\/\/tusegurodeconfianza.s54.somospecesvoladores.com\/?page_id=36#primaryimage\"},\"image\":{\"@id\":\"https:\/\/tusegurodeconfianza.s54.somospecesvoladores.com\/?page_id=36#primaryimage\"},\"thumbnailUrl\":\"https:\/\/tusegurodeconfianza.s54.somospecesvoladores.com\/wp-content\/uploads\/2025\/07\/pexels-olly-789822-scaled.jpg\",\"datePublished\":\"2025-06-23T09:51:01+00:00\",\"dateModified\":\"2025-09-01T10:37:12+00:00\",\"description\":\"D\u00e9janos tus datos de contacto y uno de nuestros asesores se pondr\u00e1 en contacto contigo para ofrecerte una cotizaci\u00f3n personalizada.\",\"breadcrumb\":{\"@id\":\"https:\/\/tusegurodeconfianza.s54.somospecesvoladores.com\/?page_id=36#breadcrumb\"},\"inLanguage\":\"es\",\"potentialAction\":[{\"@type\":\"ReadAction\",\"target\":[\"https:\/\/tusegurodeconfianza.s54.somospecesvoladores.com\/?page_id=36\"]}]},{\"@type\":\"ImageObject\",\"inLanguage\":\"es\",\"@id\":\"https:\/\/tusegurodeconfianza.s54.somospecesvoladores.com\/?page_id=36#primaryimage\",\"url\":\"https:\/\/tusegurodeconfianza.s54.somospecesvoladores.com\/wp-content\/uploads\/2025\/07\/pexels-olly-789822-scaled.jpg\",\"contentUrl\":\"https:\/\/tusegurodeconfianza.s54.somospecesvoladores.com\/wp-content\/uploads\/2025\/07\/pexels-olly-789822-scaled.jpg\",\"width\":2560,\"height\":1707,\"caption\":\"imagen de una persona hablando por tel\u00e9fono en la calle\"},{\"@type\":\"BreadcrumbList\",\"@id\":\"https:\/\/tusegurodeconfianza.s54.somospecesvoladores.com\/?page_id=36#breadcrumb\",\"itemListElement\":[{\"@type\":\"ListItem\",\"position\":1,\"name\":\"Portada\",\"item\":\"https:\/\/tusegurodeconfianza.s54.somospecesvoladores.com\/\"},{\"@type\":\"ListItem\",\"position\":2,\"name\":\"Contacto\"}]},{\"@type\":\"WebSite\",\"@id\":\"https:\/\/tusegurodeconfianza.s54.somospecesvoladores.com\/#website\",\"url\":\"https:\/\/tusegurodeconfianza.s54.somospecesvoladores.com\/\",\"name\":\"Tu Seguro de Confianza\",\"description\":\"\",\"potentialAction\":[{\"@type\":\"SearchAction\",\"target\":{\"@type\":\"EntryPoint\",\"urlTemplate\":\"https:\/\/tusegurodeconfianza.s54.somospecesvoladores.com\/?s={search_term_string}\"},\"query-input\":{\"@type\":\"PropertyValueSpecification\",\"valueRequired\":true,\"valueName\":\"search_term_string\"}}],\"inLanguage\":\"es\"}]}<\/script>\n<!-- \/ Yoast SEO plugin. -->","yoast_head_json":{"title":"Contacto - Tu Seguro de Confianza","description":"D\u00e9janos tus datos de contacto y uno de nuestros asesores se pondr\u00e1 en contacto contigo para ofrecerte una cotizaci\u00f3n personalizada.","robots":{"index":"index","follow":"follow","max-snippet":"max-snippet:-1","max-image-preview":"max-image-preview:large","max-video-preview":"max-video-preview:-1"},"canonical":"https:\/\/tusegurodeconfianza.s54.somospecesvoladores.com\/?page_id=36","og_locale":"es_ES","og_type":"article","og_title":"Contacto - Tu Seguro de Confianza","og_description":"D\u00e9janos tus datos de contacto y uno de nuestros asesores se pondr\u00e1 en contacto contigo para ofrecerte una cotizaci\u00f3n personalizada.","og_url":"https:\/\/tusegurodeconfianza.s54.somospecesvoladores.com\/?page_id=36","og_site_name":"Tu Seguro de Confianza","article_modified_time":"2025-09-01T10:37:12+00:00","og_image":[{"width":2560,"height":1707,"url":"https:\/\/tusegurodeconfianza.s54.somospecesvoladores.com\/wp-content\/uploads\/2025\/07\/pexels-olly-789822-scaled.jpg","type":"image\/jpeg"}],"twitter_card":"summary_large_image","twitter_misc":{"Tiempo de lectura":"2 minutos"},"schema":{"@context":"https:\/\/schema.org","@graph":[{"@type":"WebPage","@id":"https:\/\/tusegurodeconfianza.s54.somospecesvoladores.com\/?page_id=36","url":"https:\/\/tusegurodeconfianza.s54.somospecesvoladores.com\/?page_id=36","name":"Contacto - Tu Seguro de Confianza","isPartOf":{"@id":"https:\/\/tusegurodeconfianza.s54.somospecesvoladores.com\/#website"},"primaryImageOfPage":{"@id":"https:\/\/tusegurodeconfianza.s54.somospecesvoladores.com\/?page_id=36#primaryimage"},"image":{"@id":"https:\/\/tusegurodeconfianza.s54.somospecesvoladores.com\/?page_id=36#primaryimage"},"thumbnailUrl":"https:\/\/tusegurodeconfianza.s54.somospecesvoladores.com\/wp-content\/uploads\/2025\/07\/pexels-olly-789822-scaled.jpg","datePublished":"2025-06-23T09:51:01+00:00","dateModified":"2025-09-01T10:37:12+00:00","description":"D\u00e9janos tus datos de contacto y uno de nuestros asesores se pondr\u00e1 en contacto contigo para ofrecerte una cotizaci\u00f3n personalizada.","breadcrumb":{"@id":"https:\/\/tusegurodeconfianza.s54.somospecesvoladores.com\/?page_id=36#breadcrumb"},"inLanguage":"es","potentialAction":[{"@type":"ReadAction","target":["https:\/\/tusegurodeconfianza.s54.somospecesvoladores.com\/?page_id=36"]}]},{"@type":"ImageObject","inLanguage":"es","@id":"https:\/\/tusegurodeconfianza.s54.somospecesvoladores.com\/?page_id=36#primaryimage","url":"https:\/\/tusegurodeconfianza.s54.somospecesvoladores.com\/wp-content\/uploads\/2025\/07\/pexels-olly-789822-scaled.jpg","contentUrl":"https:\/\/tusegurodeconfianza.s54.somospecesvoladores.com\/wp-content\/uploads\/2025\/07\/pexels-olly-789822-scaled.jpg","width":2560,"height":1707,"caption":"imagen de una persona hablando por tel\u00e9fono en la calle"},{"@type":"BreadcrumbList","@id":"https:\/\/tusegurodeconfianza.s54.somospecesvoladores.com\/?page_id=36#breadcrumb","itemListElement":[{"@type":"ListItem","position":1,"name":"Portada","item":"https:\/\/tusegurodeconfianza.s54.somospecesvoladores.com\/"},{"@type":"ListItem","position":2,"name":"Contacto"}]},{"@type":"WebSite","@id":"https:\/\/tusegurodeconfianza.s54.somospecesvoladores.com\/#website","url":"https:\/\/tusegurodeconfianza.s54.somospecesvoladores.com\/","name":"Tu Seguro de Confianza","description":"","potentialAction":[{"@type":"SearchAction","target":{"@type":"EntryPoint","urlTemplate":"https:\/\/tusegurodeconfianza.s54.somospecesvoladores.com\/?s={search_term_string}"},"query-input":{"@type":"PropertyValueSpecification","valueRequired":true,"valueName":"search_term_string"}}],"inLanguage":"es"}]}},"_links":{"self":[{"href":"https:\/\/tusegurodeconfianza.s54.somospecesvoladores.com\/index.php?rest_route=\/wp\/v2\/pages\/36","targetHints":{"allow":["GET"]}}],"collection":[{"href":"https:\/\/tusegurodeconfianza.s54.somospecesvoladores.com\/index.php?rest_route=\/wp\/v2\/pages"}],"about":[{"href":"https:\/\/tusegurodeconfianza.s54.somospecesvoladores.com\/index.php?rest_route=\/wp\/v2\/types\/page"}],"author":[{"embeddable":true,"href":"https:\/\/tusegurodeconfianza.s54.somospecesvoladores.com\/index.php?rest_route=\/wp\/v2\/users\/1"}],"replies":[{"embeddable":true,"href":"https:\/\/tusegurodeconfianza.s54.somospecesvoladores.com\/index.php?rest_route=%2Fwp%2Fv2%2Fcomments&post=36"}],"version-history":[{"count":0,"href":"https:\/\/tusegurodeconfianza.s54.somospecesvoladores.com\/index.php?rest_route=\/wp\/v2\/pages\/36\/revisions"}],"wp:featuredmedia":[{"embeddable":true,"href":"https:\/\/tusegurodeconfianza.s54.somospecesvoladores.com\/index.php?rest_route=\/wp\/v2\/media\/677"}],"wp:attachment":[{"href":"https:\/\/tusegurodeconfianza.s54.somospecesvoladores.com\/index.php?rest_route=%2Fwp%2Fv2%2Fmedia&parent=36"}],"curies":[{"name":"wp","href":"https:\/\/api.w.org\/{rel}","templated":true}]}}