{"id":722,"date":"2025-07-08T10:17:37","date_gmt":"2025-07-08T10:17:37","guid":{"rendered":"https:\/\/tusegurodeconfianza.s54.somospecesvoladores.com\/?page_id=722"},"modified":"2025-07-30T13:00:28","modified_gmt":"2025-07-30T13:00:28","slug":"cuadro-medico-adeslas","status":"publish","type":"page","link":"https:\/\/tusegurodeconfianza.s54.somospecesvoladores.com\/?page_id=722","title":{"rendered":"Cuadro M\u00e9dico Adeslas"},"content":{"rendered":"\t\t<div data-elementor-type=\"wp-page\" data-elementor-id=\"722\" class=\"elementor elementor-722\" data-elementor-post-type=\"page\">\n\t\t\t\t<div class=\"elementor-element elementor-element-45ddc38 e-flex e-con-boxed e-con e-parent\" data-id=\"45ddc38\" data-element_type=\"container\" data-settings=\"{&quot;background_background&quot;:&quot;classic&quot;}\">\n\t\t\t\t\t<div class=\"e-con-inner\">\n\t\t\t\t<div class=\"elementor-element elementor-element-c637fe0 elementor-widget elementor-widget-heading\" data-id=\"c637fe0\" data-element_type=\"widget\" data-widget_type=\"heading.default\">\n\t\t\t\t<div class=\"elementor-widget-container\">\n\t\t\t\t\t<h1 class=\"elementor-heading-title elementor-size-default\">Cuadro M\u00e9dico Adeslas<\/h1>\t\t\t\t<\/div>\n\t\t\t\t<\/div>\n\t\t\t\t<div class=\"elementor-element elementor-element-0737c70 elementor-widget elementor-widget-heading\" data-id=\"0737c70\" data-element_type=\"widget\" data-widget_type=\"heading.default\">\n\t\t\t\t<div class=\"elementor-widget-container\">\n\t\t\t\t\t<p class=\"elementor-heading-title elementor-size-default\">El cuadro m\u00e9dico de Adeslas permite consultar todos los especialistas y centros\nm\u00e9dicos disponibles seg\u00fan el tipo de seguro contratado. Para facilitar su uso, el\ncuadro m\u00e9dico est\u00e1 organizado por tipolog\u00eda de seguro y separado por provincias,\nofreciendo as\u00ed mayor comodidad para los asegurados.<\/p>\t\t\t\t<\/div>\n\t\t\t\t<\/div>\n\t\t\t\t\t<\/div>\n\t\t\t\t<\/div>\n\t\t<div class=\"elementor-element elementor-element-8a5e427 e-con-full e-flex e-con e-parent\" data-id=\"8a5e427\" data-element_type=\"container\" data-settings=\"{&quot;background_background&quot;:&quot;classic&quot;}\">\n\t\t<div class=\"elementor-element elementor-element-7645f6e e-con-full e-flex e-con e-child\" data-id=\"7645f6e\" data-element_type=\"container\">\n\t\t\t\t<div class=\"elementor-element elementor-element-843a8af elementor-widget elementor-widget-heading\" data-id=\"843a8af\" data-element_type=\"widget\" data-widget_type=\"heading.default\">\n\t\t\t\t<div class=\"elementor-widget-container\">\n\t\t\t\t\t<h2 class=\"elementor-heading-title elementor-size-default\">Seguros acceso al cuadro m\u00e9dico Adeslas<\/h2>\t\t\t\t<\/div>\n\t\t\t\t<\/div>\n\t\t\t\t<div class=\"elementor-element elementor-element-adaad2b elementor-widget elementor-widget-text-editor\" data-id=\"adaad2b\" data-element_type=\"widget\" data-widget_type=\"text-editor.default\">\n\t\t\t\t<div class=\"elementor-widget-container\">\n\t\t\t\t\t\t\t\t\t<section class=\"elementor-section elementor-top-section elementor-element elementor-element-6c09efd elementor-section-boxed elementor-section-height-default elementor-section-height-default\" data-id=\"6c09efd\" data-element_type=\"section\"><div class=\"elementor-container elementor-column-gap-default\"><div class=\"elementor-column elementor-col-100 elementor-top-column elementor-element elementor-element-80b6413\" data-id=\"80b6413\" data-element_type=\"column\"><div class=\"elementor-widget-wrap elementor-element-populated\"><div class=\"elementor-element elementor-element-e5e4bb9 elementor-widget elementor-widget-html\" data-id=\"e5e4bb9\" data-element_type=\"widget\" data-widget_type=\"html.default\"><section class=\"elementor-section elementor-top-section elementor-element elementor-element-a2a3e0a elementor-section-boxed elementor-section-height-default elementor-section-height-default\" data-id=\"a2a3e0a\" data-element_type=\"section\"><div class=\"elementor-container elementor-column-gap-default\"><div class=\"elementor-column elementor-col-100 elementor-top-column elementor-element elementor-element-5ef4ebd\" data-id=\"5ef4ebd\" data-element_type=\"column\"><div class=\"elementor-widget-wrap elementor-element-populated\"><div class=\"elementor-element elementor-element-211689b elementor-widget elementor-widget-text-editor\" data-id=\"211689b\" data-element_type=\"widget\" data-widget_type=\"text-editor.default\"><section class=\"elementor-section elementor-top-section elementor-element elementor-element-fb0599d elementor-section-boxed elementor-section-height-default elementor-section-height-default\" data-id=\"fb0599d\" data-element_type=\"section\"><div class=\"elementor-container elementor-column-gap-default\"><div class=\"elementor-column elementor-col-100 elementor-top-column elementor-element elementor-element-4d779ba\" data-id=\"4d779ba\" data-element_type=\"column\"><div class=\"elementor-widget-wrap elementor-element-populated\"><p>Los siguientes seguros de salud pueden beneficiarse del cuadro m\u00e9dico general de Adeslas:<\/p><ul><li>Seguros Adeslas Plena, Plena Vital y Plena Plus.<\/li><li>Seguros para aut\u00f3nomos con cuadro m\u00e9dico Adeslas.<\/li><li>P\u00f3lizas para pymes con cuadro m\u00e9dico Adeslas.<\/li><li>Seguros de reembolso Plena Extra 150, 240 y Premier.<\/li><li>P\u00f3lizas de empresa y colectivos.<br \/><a href=\"https:\/\/cuadromedico.de\/adeslas-privado\">https:\/\/cuadromedico.de\/adeslas-privado<\/a><\/li><\/ul><p>En el caso de los seguros de reembolso, adem\u00e1s del cuadro m\u00e9dico concertado, se ofrece libre elecci\u00f3n de especialistas fuera del cuadro m\u00e9dico. El reembolso se realizar\u00e1 seg\u00fan las garant\u00edas y capitales establecidos en cada p\u00f3liza.<\/p><p>Por otro lado, el seguro de salud ambulatorio (Adeslas Go) cuenta con un cuadro m\u00e9dico propio y tambi\u00e9n permite la libre elecci\u00f3n de centros y especialistas. Finalmente, los seguros dentales incluyen acceso a cl\u00ednicas propias y centros concertados dentro del cuadro m\u00e9dico dental de Adeslas.<br \/><a href=\"https:\/\/cuadromedico.de\/adeslas-basico\">https:\/\/cuadromedico.de\/adeslas-basico<\/a><\/p><\/div><\/div><\/div><\/section><\/div><\/div><\/div><\/div><\/section><\/div><\/div><\/div><\/div><\/section>\t\t\t\t\t\t\t\t<\/div>\n\t\t\t\t<\/div>\n\t\t\t\t<\/div>\n\t\t\t\t<\/div>\n\t\t<div class=\"elementor-element elementor-element-28100308 e-con-full e-flex e-con e-parent\" data-id=\"28100308\" data-element_type=\"container\" id=\"basico\">\n\t\t<div class=\"elementor-element elementor-element-23e6ebe9 e-con-full e-flex e-con e-child\" data-id=\"23e6ebe9\" data-element_type=\"container\">\n\t\t\t\t<div class=\"elementor-element elementor-element-32c2c543 elementor-widget elementor-widget-heading\" data-id=\"32c2c543\" data-element_type=\"widget\" data-widget_type=\"heading.default\">\n\t\t\t\t<div class=\"elementor-widget-container\">\n\t\t\t\t\t<h2 class=\"elementor-heading-title elementor-size-default\">Acudir a un especialista del cuadro m\u00e9dico Adeslas<\/h2>\t\t\t\t<\/div>\n\t\t\t\t<\/div>\n\t\t\t\t<div class=\"elementor-element elementor-element-39493499 elementor-widget elementor-widget-text-editor\" data-id=\"39493499\" data-element_type=\"widget\" data-widget_type=\"text-editor.default\">\n\t\t\t\t<div class=\"elementor-widget-container\">\n\t\t\t\t\t\t\t\t\t<section class=\"elementor-section elementor-top-section elementor-element elementor-element-a0628a8 elementor-section-boxed elementor-section-height-default elementor-section-height-default\" data-id=\"a0628a8\" data-element_type=\"section\"><div class=\"elementor-container elementor-column-gap-default\"><div class=\"elementor-column elementor-col-100 elementor-top-column elementor-element elementor-element-3a6c048\" data-id=\"3a6c048\" data-element_type=\"column\"><div class=\"elementor-widget-wrap elementor-element-populated\"><div class=\"elementor-element elementor-element-3f19456 elementor-widget elementor-widget-text-editor\" data-id=\"3f19456\" data-element_type=\"widget\" data-widget_type=\"text-editor.default\"><p>Los particulares que deseen acceder a especialistas dentro del cuadro m\u00e9dico de Adeslas cuentan con diversas opciones de seguros, cuyos precios y coberturas se adaptan a sus necesidades individuales.<\/p><p>Adeslas ofrece una amplia variedad de seguros de salud, que se actualizan anualmente con nuevas coberturas para mejorar la experiencia del usuario. El cuadro m\u00e9dico de Adeslas es uno de los m\u00e1s completos de Espa\u00f1a, con m\u00e1s de 50.000 especialistas y m\u00e1s de 1.200 centros m\u00e9dicos especializados.<\/p><h3>LIBRE ELECCI\u00d3N DE ESPECIALISTA<\/h3><p>Con los seguros de Adeslas, los asegurados pueden elegir libremente cualquier cl\u00ednica, especialista o centro dentro del cuadro m\u00e9dico. Adem\u00e1s, es posible consultar el cuadro m\u00e9dico por provincia para seleccionar el especialista m\u00e1s cercano a su ubicaci\u00f3n habitual o actual.<\/p><\/div><\/div><\/div><\/div><\/section>\t\t\t\t\t\t\t\t<\/div>\n\t\t\t\t<\/div>\n\t\t\t\t<div class=\"elementor-element elementor-element-afc16da elementor-align-center elementor-widget__width-initial elementor-widget elementor-widget-button\" data-id=\"afc16da\" data-element_type=\"widget\" data-widget_type=\"button.default\">\n\t\t\t\t<div class=\"elementor-widget-container\">\n\t\t\t\t\t\t\t\t\t<div class=\"elementor-button-wrapper\">\n\t\t\t\t\t<a class=\"elementor-button elementor-button-link elementor-size-sm elementor-animation-shrink\" href=\"https:\/\/tusegurodeconfianza.s54.somospecesvoladores.com\/?page_id=36\">\n\t\t\t\t\t\t<span class=\"elementor-button-content-wrapper\">\n\t\t\t\t\t\t\t\t\t<span class=\"elementor-button-text\">Ponte en contacto<\/span>\n\t\t\t\t\t<\/span>\n\t\t\t\t\t<\/a>\n\t\t\t\t<\/div>\n\t\t\t\t\t\t\t\t<\/div>\n\t\t\t\t<\/div>\n\t\t\t\t<\/div>\n\t\t\t\t<\/div>\n\t\t\t\t<\/div>\n\t\t","protected":false},"excerpt":{"rendered":"<p>Cuadro M\u00e9dico Adeslas El cuadro m\u00e9dico de Adeslas permite consultar todos los especialistas y centros m\u00e9dicos disponibles seg\u00fan el tipo de seguro contratado. Para facilitar su uso, el cuadro m\u00e9dico est\u00e1 organizado por tipolog\u00eda de seguro y separado por provincias, ofreciendo as\u00ed mayor comodidad para los asegurados. Seguros acceso al cuadro m\u00e9dico Adeslas Los siguientes [&hellip;]<\/p>\n","protected":false},"author":1,"featured_media":728,"parent":0,"menu_order":0,"comment_status":"closed","ping_status":"closed","template":"elementor_header_footer","meta":{"_joinchat":[],"footnotes":""},"class_list":["post-722","page","type-page","status-publish","has-post-thumbnail","hentry"],"yoast_head":"<!-- This site is optimized with the Yoast SEO plugin v25.4 - https:\/\/yoast.com\/wordpress\/plugins\/seo\/ -->\n<title>Cuadro M\u00e9dico Adeslas - Tu Seguro de Confianza<\/title>\n<meta name=\"description\" content=\"En el cuadro m\u00e9dico de Adeslas podr\u00e1s consultar todos los especialistas y centros m\u00e9dicos a los que puedes acudir con tu seguro de salud.\" \/>\n<meta name=\"robots\" content=\"index, follow, max-snippet:-1, max-image-preview:large, max-video-preview:-1\" \/>\n<link rel=\"canonical\" href=\"https:\/\/tusegurodeconfianza.s54.somospecesvoladores.com\/?page_id=722\" \/>\n<meta property=\"og:locale\" content=\"es_ES\" \/>\n<meta property=\"og:type\" content=\"article\" \/>\n<meta property=\"og:title\" content=\"Cuadro M\u00e9dico Adeslas - Tu Seguro de Confianza\" \/>\n<meta property=\"og:description\" content=\"En el cuadro m\u00e9dico de Adeslas podr\u00e1s consultar todos los especialistas y centros m\u00e9dicos a los que puedes acudir con tu seguro de salud.\" \/>\n<meta property=\"og:url\" content=\"https:\/\/tusegurodeconfianza.s54.somospecesvoladores.com\/?page_id=722\" \/>\n<meta property=\"og:site_name\" content=\"Tu Seguro de Confianza\" \/>\n<meta property=\"article:modified_time\" content=\"2025-07-30T13:00:28+00:00\" \/>\n<meta property=\"og:image\" content=\"https:\/\/tusegurodeconfianza.s54.somospecesvoladores.com\/wp-content\/uploads\/2025\/07\/pexels-pixabay-40568-scaled.jpg\" \/>\n\t<meta property=\"og:image:width\" content=\"2560\" \/>\n\t<meta property=\"og:image:height\" content=\"1707\" \/>\n\t<meta property=\"og:image:type\" content=\"image\/jpeg\" \/>\n<meta name=\"twitter:card\" content=\"summary_large_image\" \/>\n<meta name=\"twitter:label1\" content=\"Tiempo de lectura\" \/>\n\t<meta name=\"twitter:data1\" content=\"2 minutos\" \/>\n<script type=\"application\/ld+json\" class=\"yoast-schema-graph\">{\"@context\":\"https:\/\/schema.org\",\"@graph\":[{\"@type\":\"WebPage\",\"@id\":\"https:\/\/tusegurodeconfianza.s54.somospecesvoladores.com\/?page_id=722\",\"url\":\"https:\/\/tusegurodeconfianza.s54.somospecesvoladores.com\/?page_id=722\",\"name\":\"Cuadro M\u00e9dico Adeslas - Tu Seguro de Confianza\",\"isPartOf\":{\"@id\":\"https:\/\/tusegurodeconfianza.s54.somospecesvoladores.com\/#website\"},\"primaryImageOfPage\":{\"@id\":\"https:\/\/tusegurodeconfianza.s54.somospecesvoladores.com\/?page_id=722#primaryimage\"},\"image\":{\"@id\":\"https:\/\/tusegurodeconfianza.s54.somospecesvoladores.com\/?page_id=722#primaryimage\"},\"thumbnailUrl\":\"https:\/\/tusegurodeconfianza.s54.somospecesvoladores.com\/wp-content\/uploads\/2025\/07\/pexels-pixabay-40568-scaled.jpg\",\"datePublished\":\"2025-07-08T10:17:37+00:00\",\"dateModified\":\"2025-07-30T13:00:28+00:00\",\"description\":\"En el cuadro m\u00e9dico de Adeslas podr\u00e1s consultar todos los especialistas y centros m\u00e9dicos a los que puedes acudir con tu seguro de salud.\",\"breadcrumb\":{\"@id\":\"https:\/\/tusegurodeconfianza.s54.somospecesvoladores.com\/?page_id=722#breadcrumb\"},\"inLanguage\":\"es\",\"potentialAction\":[{\"@type\":\"ReadAction\",\"target\":[\"https:\/\/tusegurodeconfianza.s54.somospecesvoladores.com\/?page_id=722\"]}]},{\"@type\":\"ImageObject\",\"inLanguage\":\"es\",\"@id\":\"https:\/\/tusegurodeconfianza.s54.somospecesvoladores.com\/?page_id=722#primaryimage\",\"url\":\"https:\/\/tusegurodeconfianza.s54.somospecesvoladores.com\/wp-content\/uploads\/2025\/07\/pexels-pixabay-40568-scaled.jpg\",\"contentUrl\":\"https:\/\/tusegurodeconfianza.s54.somospecesvoladores.com\/wp-content\/uploads\/2025\/07\/pexels-pixabay-40568-scaled.jpg\",\"width\":2560,\"height\":1707,\"caption\":\"imagen de un estetoscopio\"},{\"@type\":\"BreadcrumbList\",\"@id\":\"https:\/\/tusegurodeconfianza.s54.somospecesvoladores.com\/?page_id=722#breadcrumb\",\"itemListElement\":[{\"@type\":\"ListItem\",\"position\":1,\"name\":\"Portada\",\"item\":\"https:\/\/tusegurodeconfianza.s54.somospecesvoladores.com\/\"},{\"@type\":\"ListItem\",\"position\":2,\"name\":\"Cuadro M\u00e9dico Adeslas\"}]},{\"@type\":\"WebSite\",\"@id\":\"https:\/\/tusegurodeconfianza.s54.somospecesvoladores.com\/#website\",\"url\":\"https:\/\/tusegurodeconfianza.s54.somospecesvoladores.com\/\",\"name\":\"Tu Seguro de Confianza\",\"description\":\"\",\"potentialAction\":[{\"@type\":\"SearchAction\",\"target\":{\"@type\":\"EntryPoint\",\"urlTemplate\":\"https:\/\/tusegurodeconfianza.s54.somospecesvoladores.com\/?s={search_term_string}\"},\"query-input\":{\"@type\":\"PropertyValueSpecification\",\"valueRequired\":true,\"valueName\":\"search_term_string\"}}],\"inLanguage\":\"es\"}]}<\/script>\n<!-- \/ Yoast SEO plugin. -->","yoast_head_json":{"title":"Cuadro M\u00e9dico Adeslas - Tu Seguro de Confianza","description":"En el cuadro m\u00e9dico de Adeslas podr\u00e1s consultar todos los especialistas y centros m\u00e9dicos a los que puedes acudir con tu seguro de salud.","robots":{"index":"index","follow":"follow","max-snippet":"max-snippet:-1","max-image-preview":"max-image-preview:large","max-video-preview":"max-video-preview:-1"},"canonical":"https:\/\/tusegurodeconfianza.s54.somospecesvoladores.com\/?page_id=722","og_locale":"es_ES","og_type":"article","og_title":"Cuadro M\u00e9dico Adeslas - Tu Seguro de Confianza","og_description":"En el cuadro m\u00e9dico de Adeslas podr\u00e1s consultar todos los especialistas y centros m\u00e9dicos a los que puedes acudir con tu seguro de salud.","og_url":"https:\/\/tusegurodeconfianza.s54.somospecesvoladores.com\/?page_id=722","og_site_name":"Tu Seguro de Confianza","article_modified_time":"2025-07-30T13:00:28+00:00","og_image":[{"width":2560,"height":1707,"url":"https:\/\/tusegurodeconfianza.s54.somospecesvoladores.com\/wp-content\/uploads\/2025\/07\/pexels-pixabay-40568-scaled.jpg","type":"image\/jpeg"}],"twitter_card":"summary_large_image","twitter_misc":{"Tiempo de lectura":"2 minutos"},"schema":{"@context":"https:\/\/schema.org","@graph":[{"@type":"WebPage","@id":"https:\/\/tusegurodeconfianza.s54.somospecesvoladores.com\/?page_id=722","url":"https:\/\/tusegurodeconfianza.s54.somospecesvoladores.com\/?page_id=722","name":"Cuadro M\u00e9dico Adeslas - Tu Seguro de Confianza","isPartOf":{"@id":"https:\/\/tusegurodeconfianza.s54.somospecesvoladores.com\/#website"},"primaryImageOfPage":{"@id":"https:\/\/tusegurodeconfianza.s54.somospecesvoladores.com\/?page_id=722#primaryimage"},"image":{"@id":"https:\/\/tusegurodeconfianza.s54.somospecesvoladores.com\/?page_id=722#primaryimage"},"thumbnailUrl":"https:\/\/tusegurodeconfianza.s54.somospecesvoladores.com\/wp-content\/uploads\/2025\/07\/pexels-pixabay-40568-scaled.jpg","datePublished":"2025-07-08T10:17:37+00:00","dateModified":"2025-07-30T13:00:28+00:00","description":"En el cuadro m\u00e9dico de Adeslas podr\u00e1s consultar todos los especialistas y centros m\u00e9dicos a los que puedes acudir con tu seguro de salud.","breadcrumb":{"@id":"https:\/\/tusegurodeconfianza.s54.somospecesvoladores.com\/?page_id=722#breadcrumb"},"inLanguage":"es","potentialAction":[{"@type":"ReadAction","target":["https:\/\/tusegurodeconfianza.s54.somospecesvoladores.com\/?page_id=722"]}]},{"@type":"ImageObject","inLanguage":"es","@id":"https:\/\/tusegurodeconfianza.s54.somospecesvoladores.com\/?page_id=722#primaryimage","url":"https:\/\/tusegurodeconfianza.s54.somospecesvoladores.com\/wp-content\/uploads\/2025\/07\/pexels-pixabay-40568-scaled.jpg","contentUrl":"https:\/\/tusegurodeconfianza.s54.somospecesvoladores.com\/wp-content\/uploads\/2025\/07\/pexels-pixabay-40568-scaled.jpg","width":2560,"height":1707,"caption":"imagen de un estetoscopio"},{"@type":"BreadcrumbList","@id":"https:\/\/tusegurodeconfianza.s54.somospecesvoladores.com\/?page_id=722#breadcrumb","itemListElement":[{"@type":"ListItem","position":1,"name":"Portada","item":"https:\/\/tusegurodeconfianza.s54.somospecesvoladores.com\/"},{"@type":"ListItem","position":2,"name":"Cuadro M\u00e9dico Adeslas"}]},{"@type":"WebSite","@id":"https:\/\/tusegurodeconfianza.s54.somospecesvoladores.com\/#website","url":"https:\/\/tusegurodeconfianza.s54.somospecesvoladores.com\/","name":"Tu Seguro de Confianza","description":"","potentialAction":[{"@type":"SearchAction","target":{"@type":"EntryPoint","urlTemplate":"https:\/\/tusegurodeconfianza.s54.somospecesvoladores.com\/?s={search_term_string}"},"query-input":{"@type":"PropertyValueSpecification","valueRequired":true,"valueName":"search_term_string"}}],"inLanguage":"es"}]}},"_links":{"self":[{"href":"https:\/\/tusegurodeconfianza.s54.somospecesvoladores.com\/index.php?rest_route=\/wp\/v2\/pages\/722","targetHints":{"allow":["GET"]}}],"collection":[{"href":"https:\/\/tusegurodeconfianza.s54.somospecesvoladores.com\/index.php?rest_route=\/wp\/v2\/pages"}],"about":[{"href":"https:\/\/tusegurodeconfianza.s54.somospecesvoladores.com\/index.php?rest_route=\/wp\/v2\/types\/page"}],"author":[{"embeddable":true,"href":"https:\/\/tusegurodeconfianza.s54.somospecesvoladores.com\/index.php?rest_route=\/wp\/v2\/users\/1"}],"replies":[{"embeddable":true,"href":"https:\/\/tusegurodeconfianza.s54.somospecesvoladores.com\/index.php?rest_route=%2Fwp%2Fv2%2Fcomments&post=722"}],"version-history":[{"count":0,"href":"https:\/\/tusegurodeconfianza.s54.somospecesvoladores.com\/index.php?rest_route=\/wp\/v2\/pages\/722\/revisions"}],"wp:featuredmedia":[{"embeddable":true,"href":"https:\/\/tusegurodeconfianza.s54.somospecesvoladores.com\/index.php?rest_route=\/wp\/v2\/media\/728"}],"wp:attachment":[{"href":"https:\/\/tusegurodeconfianza.s54.somospecesvoladores.com\/index.php?rest_route=%2Fwp%2Fv2%2Fmedia&parent=722"}],"curies":[{"name":"wp","href":"https:\/\/api.w.org\/{rel}","templated":true}]}}